{"id":441,"date":"2015-04-21T20:29:05","date_gmt":"2015-04-21T18:29:05","guid":{"rendered":"http:\/\/www.steuerberater-colak.de\/?page_id=441"},"modified":"2026-03-19T11:24:55","modified_gmt":"2026-03-19T10:24:55","slug":"karriere","status":"publish","type":"page","link":"https:\/\/www.steuerberater-colak.de\/?page_id=441","title":{"rendered":"Karriere"},"content":{"rendered":"<h3><a href=\"http:\/\/www.steuerberater-colak.de\/wp-content\/uploads\/2026\/03\/Azubi-Foto.png\"><img loading=\"lazy\" decoding=\"async\" class=\"alignright size-medium wp-image-1473\" src=\"http:\/\/www.steuerberater-colak.de\/wp-content\/uploads\/2026\/03\/Azubi-Foto-236x300.png\" alt=\"\" width=\"236\" height=\"300\" srcset=\"https:\/\/www.steuerberater-colak.de\/wp-content\/uploads\/2026\/03\/Azubi-Foto-236x300.png 236w, https:\/\/www.steuerberater-colak.de\/wp-content\/uploads\/2026\/03\/Azubi-Foto-806x1024.png 806w, https:\/\/www.steuerberater-colak.de\/wp-content\/uploads\/2026\/03\/Azubi-Foto-768x975.png 768w, https:\/\/www.steuerberater-colak.de\/wp-content\/uploads\/2026\/03\/Azubi-Foto-488x620.png 488w, https:\/\/www.steuerberater-colak.de\/wp-content\/uploads\/2026\/03\/Azubi-Foto-788x1000.png 788w, https:\/\/www.steuerberater-colak.de\/wp-content\/uploads\/2026\/03\/Azubi-Foto-512x650.png 512w, https:\/\/www.steuerberater-colak.de\/wp-content\/uploads\/2026\/03\/Azubi-Foto-354x450.png 354w, https:\/\/www.steuerberater-colak.de\/wp-content\/uploads\/2026\/03\/Azubi-Foto.png 912w\" sizes=\"auto, (max-width: 236px) 100vw, 236px\" \/><\/a><strong>Gemeinsam wachsen: <br \/><\/strong><b data-path-to-node=\"2,0\" data-index-in-node=\"0\">Verst\u00e4rken Sie unser Team \u2013 <br \/>als Profi oder als Karrierestarter!<\/b><\/h3>\n<p>Die Steuerberaterkanzlei Colak w\u00e4chst und wir suchen Sie. <br \/>Ob Sie bereits als erfahrene Fachkraft gl\u00e4nzen oder als motivierter Auszubildender (m\/w\/d) bei uns voll durchstarten m\u00f6chten: <br \/>Bei uns finden Sie einen sicheren Platz mit Zukunft. <br \/>Werden Sie Teil unserer Kanzlei und gestalten Sie gemeinsam mit uns den Erfolg unserer Mandanten!<\/p>\n<p>\u00a0<\/p>\n<h3 data-path-to-node=\"4\">\u00a0<\/h3>\n<h3 data-path-to-node=\"4\"><b data-path-to-node=\"4\" data-index-in-node=\"0\">1. Wir suchen: Steuerfachangestellte (m\/w\/d) in Vollzeit<\/b><\/h3>\n<p data-path-to-node=\"6\"><b data-path-to-node=\"6\" data-index-in-node=\"0\">Was Sie bei uns bewegen:<br \/><\/b> Sie sind die rechte Hand unserer Mandanten und unterst\u00fctzen uns eigenverantwortlich bei:<\/p>\n<ul data-path-to-node=\"7\">\n<li>\n<p data-path-to-node=\"7,0,0\">Der Erstellung von Jahresabschl\u00fcssen und Steuererkl\u00e4rungen f\u00fcr Unternehmen und Privatpersonen<\/p>\n<\/li>\n<li>\n<p data-path-to-node=\"7,1,0\">Der Durchf\u00fchrung von Finanz- und Lohnbuchhaltungen<\/p>\n<\/li>\n<li>\n<p data-path-to-node=\"7,2,0\">Der fachkundigen Pr\u00fcfung von Steuerbescheiden<\/p>\n<\/li>\n<li>\n<p data-path-to-node=\"7,3,0\">Der digitalen Organisation und Optimierung von Mandantenunterlagen<\/p>\n<\/li>\n<\/ul>\n<p data-path-to-node=\"8\"><b data-path-to-node=\"8\" data-index-in-node=\"0\">Das bringen Sie mit:<\/b><\/p>\n<ul data-path-to-node=\"9\">\n<li>\n<p data-path-to-node=\"9,0,0\">Eine erfolgreich abgeschlossene Ausbildung im steuerberatenden oder buchhalterischem Bereich<\/p>\n<\/li>\n<li>\n<p data-path-to-node=\"9,1,0\">Sicherer Umgang mit bekannten Buchf\u00fchrungssoftware und den g\u00e4ngigen MS-Office-Anwendungen<\/p>\n<\/li>\n<li>\n<p data-path-to-node=\"9,2,0\">Eine pr\u00e4zise, strukturierte und mandantenorientierte Arbeitsweise<\/p>\n<\/li>\n<\/ul>\n<hr data-path-to-node=\"10\" \/>\n<h3 data-path-to-node=\"11\"><b data-path-to-node=\"11\" data-index-in-node=\"0\">2. Wir suchen: Auszubildende zum Steuerfachangestellten (m\/w\/d)<\/b><\/h3>\n<p data-path-to-node=\"12\"><b data-path-to-node=\"12\" data-index-in-node=\"0\">Dein Karrierestart mit System!<\/b><\/p>\n<p data-path-to-node=\"13\">Du suchst einen krisensicheren Job mit gl\u00e4nzenden Zukunftsaussichten? Du hast ein H\u00e4ndchen f\u00fcr Zahlen und arbeitest gerne im Team? <br \/>Dann starte deine Ausbildung bei uns !<\/p>\n<p data-path-to-node=\"13\">Wir bringen dir alles bei, was du \u00fcber Steuern, Gesetze und Buchf\u00fchrung wissen musst, und begleiten dich Schritt f\u00fcr Schritt zum Profi.<\/p>\n<hr data-path-to-node=\"14\" \/>\n<h3 data-path-to-node=\"15\"><b data-path-to-node=\"15\" data-index-in-node=\"0\">Warum zu uns?<\/b><\/h3>\n<ul data-path-to-node=\"16\">\n<li>\n<p data-path-to-node=\"16,0,0\"><b data-path-to-node=\"16,0,0\" data-index-in-node=\"0\">Sicherheit:<\/b> <br \/>Wir bieten Ihnen eine unbefristete Einstellung in einem krisenfesten Berufsfeld<\/p>\n<\/li>\n<li>\n<p data-path-to-node=\"16,1,0\"><b data-path-to-node=\"16,1,0\" data-index-in-node=\"0\">Expansion:<\/b> <br \/>Werden Sie Teil eines wachsenden Teams mit modernen Strukturen<\/p>\n<\/li>\n<li>\n<p data-path-to-node=\"16,2,0\"><b data-path-to-node=\"16,2,0\" data-index-in-node=\"0\">Wertsch\u00e4tzung:<\/b> <br \/>Ein offenes Ohr f\u00fcr Ihre Ideen und eine Zusammenarbeit auf Augenh\u00f6he sind f\u00fcr uns selbstverst\u00e4ndlich<\/p>\n<\/li>\n<li>\n<p data-path-to-node=\"16,3,0\"><b data-path-to-node=\"16,3,0\" data-index-in-node=\"0\">Ab sofort:<\/b> <br \/>Wir warten nicht lange \u2013 wenn es passt, starten wir direkt durch !<\/p>\n<\/li>\n<\/ul>\n<h3 data-path-to-node=\"17\"><b data-path-to-node=\"17\" data-index-in-node=\"0\">Bereit f\u00fcr den n\u00e4chsten Schritt?<\/b><\/h3>\n<p data-path-to-node=\"18\">Lassen Sie uns gemeinsam durchstarten!<br \/>Senden Sie uns Ihre aussagekr\u00e4ftige Bewerbung ganz unkompliziert \u00fcber unser Online-Kontaktformular, per Mail oder per Post an unsere Standorte.<\/p>\n<p data-path-to-node=\"19\"><b data-path-to-node=\"19\" data-index-in-node=\"0\">Steuerberaterkanzlei Colak<\/b> \u2013 Wir freuen uns darauf, Sie kennenzulernen !<\/p>\n<h5><span style=\"color: #333333;\"><span style=\"color: #000000;\">\u00a0<\/span><\/span><\/h5>\n<h4><span style=\"color: #000080;\"><a href=\"http:\/\/www.steuerberater-colak.de\/wp-content\/uploads\/2020\/11\/icon-2.png\"><img loading=\"lazy\" decoding=\"async\" class=\"alignright size-full wp-image-637\" src=\"http:\/\/www.steuerberater-colak.de\/wp-content\/uploads\/2020\/11\/icon-2.png\" alt=\"\" width=\"61\" height=\"49\" \/><\/a><\/span><\/h4>\n\n\n<div class=\"wp-block-group\"><div class=\"wp-block-group__inner-container is-layout-flow wp-block-group-is-layout-flow\">\n<div class=\"wp-block-contact-form-7-contact-form-selector\">\n<div class=\"wpcf7 no-js\" id=\"wpcf7-f738-o1\" lang=\"de-DE\" dir=\"ltr\" data-wpcf7-id=\"738\">\n<div class=\"screen-reader-response\"><p role=\"status\" aria-live=\"polite\" aria-atomic=\"true\"><\/p> <ul><\/ul><\/div>\n<form action=\"\/index.php?rest_route=%2Fwp%2Fv2%2Fpages%2F441#wpcf7-f738-o1\" method=\"post\" class=\"wpcf7-form init\" aria-label=\"Kontaktformular\" novalidate=\"novalidate\" data-status=\"init\">\n<fieldset class=\"hidden-fields-container\"><input type=\"hidden\" name=\"_wpcf7\" value=\"738\" \/><input type=\"hidden\" name=\"_wpcf7_version\" value=\"6.1.5\" \/><input type=\"hidden\" name=\"_wpcf7_locale\" value=\"de_DE\" \/><input type=\"hidden\" name=\"_wpcf7_unit_tag\" value=\"wpcf7-f738-o1\" \/><input type=\"hidden\" name=\"_wpcf7_container_post\" value=\"0\" \/><input type=\"hidden\" name=\"_wpcf7_posted_data_hash\" value=\"\" \/>\n<\/fieldset>\n<p><label> Name, Vorname<br \/>\n<span class=\"wpcf7-form-control-wrap\" data-name=\"your-name\"><input size=\"40\" maxlength=\"400\" class=\"wpcf7-form-control wpcf7-text wpcf7-validates-as-required\" aria-required=\"true\" aria-invalid=\"false\" value=\"\" type=\"text\" name=\"your-name\" \/><\/span> <\/label>\n<\/p>\n<p><label> Firmenname<br \/>\n<span class=\"wpcf7-form-control-wrap\" data-name=\"your-name\"><input size=\"40\" maxlength=\"400\" class=\"wpcf7-form-control wpcf7-text\" aria-invalid=\"false\" value=\"\" type=\"text\" name=\"your-name\" \/><\/span> <\/label>\n<\/p>\n<p><label> Ihre E-Mail-Adresse<br \/>\n<span class=\"wpcf7-form-control-wrap\" data-name=\"your-email\"><input size=\"40\" maxlength=\"400\" class=\"wpcf7-form-control wpcf7-email wpcf7-validates-as-required wpcf7-text wpcf7-validates-as-email\" aria-required=\"true\" aria-invalid=\"false\" value=\"\" type=\"email\" name=\"your-email\" \/><\/span> <\/label>\n<\/p>\n<p><label> Ihre Telefonnummer<br \/>\n<span class=\"wpcf7-form-control-wrap\" data-name=\"tel-717\"><input size=\"40\" maxlength=\"400\" class=\"wpcf7-form-control wpcf7-tel wpcf7-text wpcf7-validates-as-tel\" aria-invalid=\"false\" value=\"\" type=\"tel\" name=\"tel-717\" \/><\/span> <\/label>\n<\/p>\n<p><label> Betreff<br \/>\n<span class=\"wpcf7-form-control-wrap\" data-name=\"your-subject\"><input size=\"40\" maxlength=\"400\" class=\"wpcf7-form-control wpcf7-text\" aria-invalid=\"false\" value=\"\" type=\"text\" name=\"your-subject\" \/><\/span> <\/label>\n<\/p>\n<p><label> Ihre Nachricht<br \/>\n<span class=\"wpcf7-form-control-wrap\" data-name=\"your-message\"><textarea cols=\"40\" rows=\"10\" maxlength=\"2000\" class=\"wpcf7-form-control wpcf7-textarea\" aria-invalid=\"false\" name=\"your-message\"><\/textarea><\/span> <\/label>\n<\/p>\n<p><span class=\"wpcf7-form-control-wrap\" data-name=\"quiz-778\"><label><span class=\"wpcf7-quiz-label\">1+1=?<\/span> <input size=\"40\" class=\"wpcf7-form-control wpcf7-quiz\" autocomplete=\"off\" aria-required=\"true\" aria-invalid=\"false\" type=\"text\" name=\"quiz-778\" \/><\/label><input type=\"hidden\" name=\"_wpcf7_quiz_answer_quiz-778\" value=\"02e44a718cb77e2b466af922a963a6f5\" \/><\/span> Zwecks Pr\u00fcfung ihrer Identit\u00e4t tragen Sie bitte hier das Ergebnis der Aufgabe ein\n<\/p>\n<p><input class=\"wpcf7-form-control wpcf7-submit has-spinner\" type=\"submit\" value=\"Senden\" \/>\n<\/p><div class=\"wpcf7-response-output\" aria-hidden=\"true\"><\/div>\n<\/form>\n<\/div>\n<\/div>\n<\/div><\/div>\n\n\n\n<div class=\"wp-block-group\"><div class=\"wp-block-group__inner-container is-layout-flow wp-block-group-is-layout-flow\"><\/div><\/div>\n","protected":false},"excerpt":{"rendered":"<p>Gemeinsam wachsen: Verst\u00e4rken Sie unser Team \u2013 als Profi oder als Karrierestarter! Die Steuerberaterkanzlei Colak w\u00e4chst und wir suchen Sie. Ob Sie bereits als erfahrene Fachkraft gl\u00e4nzen oder als motivierter Auszubildender (m\/w\/d) bei uns voll durchstarten m\u00f6chten: Bei uns finden Sie einen sicheren Platz mit Zukunft. Werden Sie Teil unserer&hellip;<a href=\"https:\/\/www.steuerberater-colak.de\/?page_id=441\" class=\"more-link\"><span class=\"more-button\">weiterlesen &#8230;<span class=\"screen-reader-text\">Karriere<\/span><\/span><\/a><\/p>\n","protected":false},"author":1,"featured_media":0,"parent":0,"menu_order":0,"comment_status":"closed","ping_status":"open","template":"","meta":{"_kadence_starter_templates_imported_post":false,"footnotes":""},"class_list":["post-441","page","type-page","status-publish","hentry"],"_links":{"self":[{"href":"https:\/\/www.steuerberater-colak.de\/index.php?rest_route=\/wp\/v2\/pages\/441","targetHints":{"allow":["GET"]}}],"collection":[{"href":"https:\/\/www.steuerberater-colak.de\/index.php?rest_route=\/wp\/v2\/pages"}],"about":[{"href":"https:\/\/www.steuerberater-colak.de\/index.php?rest_route=\/wp\/v2\/types\/page"}],"author":[{"embeddable":true,"href":"https:\/\/www.steuerberater-colak.de\/index.php?rest_route=\/wp\/v2\/users\/1"}],"replies":[{"embeddable":true,"href":"https:\/\/www.steuerberater-colak.de\/index.php?rest_route=%2Fwp%2Fv2%2Fcomments&post=441"}],"version-history":[{"count":34,"href":"https:\/\/www.steuerberater-colak.de\/index.php?rest_route=\/wp\/v2\/pages\/441\/revisions"}],"predecessor-version":[{"id":1488,"href":"https:\/\/www.steuerberater-colak.de\/index.php?rest_route=\/wp\/v2\/pages\/441\/revisions\/1488"}],"wp:attachment":[{"href":"https:\/\/www.steuerberater-colak.de\/index.php?rest_route=%2Fwp%2Fv2%2Fmedia&parent=441"}],"curies":[{"name":"wp","href":"https:\/\/api.w.org\/{rel}","templated":true}]}}