{"id":63,"date":"2014-09-28T14:29:15","date_gmt":"2014-09-28T12:29:15","guid":{"rendered":"http:\/\/www.steuerberater-colak.de\/?page_id=63"},"modified":"2026-03-19T16:50:43","modified_gmt":"2026-03-19T15:50:43","slug":"buchfuehrung","status":"publish","type":"page","link":"https:\/\/www.steuerberater-colak.de\/?page_id=63","title":{"rendered":"Buchf\u00fchrung"},"content":{"rendered":"<h5 data-canvas-width=\"227.4885\" data-angle=\"0\" data-font-name=\"Helvetica\">Mit der Steuerberaterkanzlei Colak ist Ihre Buchf\u00fchrung in sicheren H\u00e4nden. Wir \u00fcbernehmen Belegerfassung, Kontenplan, Kostenstellen- und Kostentr\u00e4gerrechnung, Umsatzsteuervoranmeldungen und betriebswirtschaftliche Auswertungen. So gewinnen Sie klare Zahlen, treffen sichere Entscheidungen und haben mehr Zeit f\u00fcr Ihr Kerngesch\u00e4ft \u2013 alles aus einer Hand.<\/h5>\n<div data-canvas-width=\"85.8585\" data-angle=\"0\" data-font-name=\"g_font_1\">\n<div data-canvas-width=\"230.844\" data-angle=\"0\" data-font-name=\"g_font_1\">\u00a0<\/div>\n<\/div>\n\n\n<figure class=\"wp-block-image size-large\"><a href=\"http:\/\/www.steuerberater-colak.de\/wp-content\/uploads\/2026\/03\/Buchfuehrung.png\"><img loading=\"lazy\" decoding=\"async\" width=\"1024\" height=\"590\" src=\"http:\/\/www.steuerberater-colak.de\/wp-content\/uploads\/2026\/03\/Buchfuehrung-1024x590.png\" alt=\"\" class=\"wp-image-1599\" srcset=\"https:\/\/www.steuerberater-colak.de\/wp-content\/uploads\/2026\/03\/Buchfuehrung-1024x590.png 1024w, https:\/\/www.steuerberater-colak.de\/wp-content\/uploads\/2026\/03\/Buchfuehrung-300x173.png 300w, https:\/\/www.steuerberater-colak.de\/wp-content\/uploads\/2026\/03\/Buchfuehrung-768x442.png 768w, https:\/\/www.steuerberater-colak.de\/wp-content\/uploads\/2026\/03\/Buchfuehrung-825x475.png 825w, https:\/\/www.steuerberater-colak.de\/wp-content\/uploads\/2026\/03\/Buchfuehrung-600x346.png 600w, https:\/\/www.steuerberater-colak.de\/wp-content\/uploads\/2026\/03\/Buchfuehrung-400x230.png 400w, https:\/\/www.steuerberater-colak.de\/wp-content\/uploads\/2026\/03\/Buchfuehrung.png 1389w\" sizes=\"auto, (max-width: 1024px) 100vw, 1024px\" \/><\/a><\/figure>\n\n\n\n<p><\/p>\n","protected":false},"excerpt":{"rendered":"<p>Mit der Steuerberaterkanzlei Colak ist Ihre Buchf\u00fchrung in sicheren H\u00e4nden. Wir \u00fcbernehmen Belegerfassung, Kontenplan, Kostenstellen- und Kostentr\u00e4gerrechnung, Umsatzsteuervoranmeldungen und betriebswirtschaftliche Auswertungen. So gewinnen Sie klare Zahlen, treffen sichere Entscheidungen und haben mehr Zeit f\u00fcr Ihr Kerngesch\u00e4ft \u2013 alles aus einer Hand. \u00a0<\/p>\n","protected":false},"author":1,"featured_media":1599,"parent":8,"menu_order":2,"comment_status":"closed","ping_status":"closed","template":"","meta":{"_kadence_starter_templates_imported_post":false,"footnotes":""},"class_list":["post-63","page","type-page","status-publish","has-post-thumbnail","hentry"],"_links":{"self":[{"href":"https:\/\/www.steuerberater-colak.de\/index.php?rest_route=\/wp\/v2\/pages\/63","targetHints":{"allow":["GET"]}}],"collection":[{"href":"https:\/\/www.steuerberater-colak.de\/index.php?rest_route=\/wp\/v2\/pages"}],"about":[{"href":"https:\/\/www.steuerberater-colak.de\/index.php?rest_route=\/wp\/v2\/types\/page"}],"author":[{"embeddable":true,"href":"https:\/\/www.steuerberater-colak.de\/index.php?rest_route=\/wp\/v2\/users\/1"}],"replies":[{"embeddable":true,"href":"https:\/\/www.steuerberater-colak.de\/index.php?rest_route=%2Fwp%2Fv2%2Fcomments&post=63"}],"version-history":[{"count":39,"href":"https:\/\/www.steuerberater-colak.de\/index.php?rest_route=\/wp\/v2\/pages\/63\/revisions"}],"predecessor-version":[{"id":1604,"href":"https:\/\/www.steuerberater-colak.de\/index.php?rest_route=\/wp\/v2\/pages\/63\/revisions\/1604"}],"up":[{"embeddable":true,"href":"https:\/\/www.steuerberater-colak.de\/index.php?rest_route=\/wp\/v2\/pages\/8"}],"wp:featuredmedia":[{"embeddable":true,"href":"https:\/\/www.steuerberater-colak.de\/index.php?rest_route=\/wp\/v2\/media\/1599"}],"wp:attachment":[{"href":"https:\/\/www.steuerberater-colak.de\/index.php?rest_route=%2Fwp%2Fv2%2Fmedia&parent=63"}],"curies":[{"name":"wp","href":"https:\/\/api.w.org\/{rel}","templated":true}]}}