{"id":90,"date":"2014-09-29T14:50:05","date_gmt":"2014-09-29T12:50:05","guid":{"rendered":"http:\/\/www.steuerberater-colak.de\/?page_id=90"},"modified":"2026-03-19T12:23:06","modified_gmt":"2026-03-19T11:23:06","slug":"lohnbuchfuehrung","status":"publish","type":"page","link":"https:\/\/www.steuerberater-colak.de\/?page_id=90","title":{"rendered":"Lohnbuchf\u00fchrung"},"content":{"rendered":"\n<p>Wir \u00fcbernehmen f\u00fcr Sie die komplette Lohnbuchf\u00fchrung \u2013 von der Bruttolohnermittlung \u00fcber die Erstellung der Lohn- und Gehaltsabrechnungen bis hin zur Abf\u00fchrung der Sozialversicherungsbeitr\u00e4ge und s\u00e4mtlicher Meldungen an Finanz\u00e4mter und Beh\u00f6rden. So sparen Sie wertvolle Zeit und erhalten verl\u00e4ssliche Zuarbeit. So k\u00f6nnen Sie sich ganz auf Ihr Kerngesch\u00e4ft konzentrieren !<\/p>\n","protected":false},"excerpt":{"rendered":"<p>Wir \u00fcbernehmen f\u00fcr Sie die komplette Lohnbuchf\u00fchrung \u2013 von der Bruttolohnermittlung \u00fcber die Erstellung der Lohn- und Gehaltsabrechnungen bis hin zur Abf\u00fchrung der Sozialversicherungsbeitr\u00e4ge und s\u00e4mtlicher Meldungen an Finanz\u00e4mter und Beh\u00f6rden. So sparen Sie wertvolle Zeit und erhalten verl\u00e4ssliche Zuarbeit. So k\u00f6nnen Sie sich ganz auf Ihr Kerngesch\u00e4ft konzentrieren !<\/p>\n","protected":false},"author":1,"featured_media":1405,"parent":8,"menu_order":3,"comment_status":"closed","ping_status":"closed","template":"","meta":{"_kadence_starter_templates_imported_post":false,"footnotes":""},"class_list":["post-90","page","type-page","status-publish","has-post-thumbnail","hentry"],"_links":{"self":[{"href":"https:\/\/www.steuerberater-colak.de\/index.php?rest_route=\/wp\/v2\/pages\/90","targetHints":{"allow":["GET"]}}],"collection":[{"href":"https:\/\/www.steuerberater-colak.de\/index.php?rest_route=\/wp\/v2\/pages"}],"about":[{"href":"https:\/\/www.steuerberater-colak.de\/index.php?rest_route=\/wp\/v2\/types\/page"}],"author":[{"embeddable":true,"href":"https:\/\/www.steuerberater-colak.de\/index.php?rest_route=\/wp\/v2\/users\/1"}],"replies":[{"embeddable":true,"href":"https:\/\/www.steuerberater-colak.de\/index.php?rest_route=%2Fwp%2Fv2%2Fcomments&post=90"}],"version-history":[{"count":21,"href":"https:\/\/www.steuerberater-colak.de\/index.php?rest_route=\/wp\/v2\/pages\/90\/revisions"}],"predecessor-version":[{"id":1529,"href":"https:\/\/www.steuerberater-colak.de\/index.php?rest_route=\/wp\/v2\/pages\/90\/revisions\/1529"}],"up":[{"embeddable":true,"href":"https:\/\/www.steuerberater-colak.de\/index.php?rest_route=\/wp\/v2\/pages\/8"}],"wp:featuredmedia":[{"embeddable":true,"href":"https:\/\/www.steuerberater-colak.de\/index.php?rest_route=\/wp\/v2\/media\/1405"}],"wp:attachment":[{"href":"https:\/\/www.steuerberater-colak.de\/index.php?rest_route=%2Fwp%2Fv2%2Fmedia&parent=90"}],"curies":[{"name":"wp","href":"https:\/\/api.w.org\/{rel}","templated":true}]}}